{"id":2170,"date":"2024-07-04T06:02:29","date_gmt":"2024-07-04T06:02:29","guid":{"rendered":"https:\/\/harmonische-mitte.com\/?page_id=2170"},"modified":"2024-08-03T15:13:51","modified_gmt":"2024-08-03T15:13:51","slug":"klangbegleitung-im-alter","status":"publish","type":"page","link":"https:\/\/harmonische-mitte.com\/?page_id=2170","title":{"rendered":"Klangbegleitung im Alter"},"content":{"rendered":"<p>[vc_row full_width=&#187;stretch_row_content_no_spaces&#187; css=&#187;.vc_custom_1685267718813{background-color: #ffffff !important;}&#187;][vc_column][vc_separator][vc_single_image image=&#187;2232&#8243; img_size=&#187;full&#187; alignment=&#187;center&#187;][vc_column_text]<\/p>\n<h3 style=\"font-weight: 400; text-align: center;\"><strong>Im h\u00f6heren Alter steht weniger die k\u00f6rperliche Gesundheit im Zentrum, sondern das Verarbeiten des eigenen Lebens.<\/strong><\/h3>\n<hr \/>\n<p style=\"font-weight: 400; text-align: center;\">Die ordnende Kraft der Obertonreihe l\u00e4sst alte Wunden heilen, da alle Ebenen des Menscheins ber\u00fchrt werden. So kann sich eine vers\u00f6hnende Haltung dem gelebten Leben gegen\u00fcber einstellen.<\/p>\n<p style=\"font-weight: 400; text-align: center;\">Ab dem Zeitpunkt wo die Mobilit\u00e4t wegf\u00e4llt und die Menschen nicht mehr zu mir in meinen Klangraum \u00abharmonische mitte\u00bb kommen k\u00f6nnen, besteht die M\u00f6glichkeit, Sie mit meinen Klanginstrumenten (Monochord und tibetische Klangschalen) in ihrem Zuhause oder im Pflegezentrum zu behandeln.<\/p>\n<p style=\"font-weight: 400; text-align: center;\">Menschen die sich im Klang aufgehoben f\u00fchlen erfahren eine Tiefenentspannung, f\u00fchlen sich getragen, geliebt und angenommen mit allem was ist. \u00a0Oftmals berichten \u00e4ltere Menschen, dass der Klang sie in einen Sph\u00e4rischen Raum f\u00fchrt. Da liegt es nahe, dass Klang auch beim Sterbeprozess eine wohltuende Begleitung sein kann.<\/p>\n<p style=\"font-weight: 400; text-align: center;\">M\u00f6chten Sie sich auch im letzten Lebensabschnitt mit den Kl\u00e4ngen des Monochords und den tibetischen Klangschalen begleiten lassen, dann melden Sie sich \u00fcber das Kontaktformular an, ich komme gerne zu Ihnen.<\/p>\n<hr \/>\n<p style=\"font-weight: 400; text-align: center;\"><strong>Kosten:<\/strong><\/p>\n<p style=\"text-align: center;\">30 Minuten Klang inkl. Instrumententransport: Fr. 80.-<br \/>\n<span style=\"font-weight: 400;\">Autofahrspesen: Fr. 1.-\/km<\/span><\/p>\n<hr \/>\n<p>[\/vc_column_text][\/vc_column][\/vc_row][vc_row full_width=&#187;stretch_row_content&#187; css=&#187;.vc_custom_1685267698689{background-color: #ffffff !important;}&#187;][vc_column width=&#187;1\/2&#8243; css=&#187;.vc_custom_1579439414445{background-color: #ffffff !important;}&#187;]<div class=\"heading black text-center \"><div class=\"heading-title\">Fragen oder Anregungen?<\/div><h2>Nutzen Sie gerne das Kontaktformular<\/h2><\/div>\n<div class=\"wpcf7 no-js\" id=\"wpcf7-f11-o1\" lang=\"en\" dir=\"ltr\" data-wpcf7-id=\"11\">\n<div class=\"screen-reader-response\"><p role=\"status\" aria-live=\"polite\" aria-atomic=\"true\"><\/p> <ul><\/ul><\/div>\n<form action=\"\/index.php?rest_route=%2Fwp%2Fv2%2Fpages%2F2170#wpcf7-f11-o1\" method=\"post\" class=\"wpcf7-form init\" aria-label=\"Contact form\" novalidate=\"novalidate\" data-status=\"init\">\n<fieldset class=\"hidden-fields-container\"><input type=\"hidden\" name=\"_wpcf7\" value=\"11\" \/><input type=\"hidden\" name=\"_wpcf7_version\" value=\"6.1.5\" \/><input type=\"hidden\" name=\"_wpcf7_locale\" value=\"en\" \/><input type=\"hidden\" name=\"_wpcf7_unit_tag\" value=\"wpcf7-f11-o1\" \/><input type=\"hidden\" name=\"_wpcf7_container_post\" value=\"0\" \/><input type=\"hidden\" name=\"_wpcf7_posted_data_hash\" value=\"\" \/>\n<\/fieldset>\n<p><label> Ihr Name (erforderlich)<br \/>\n<span class=\"wpcf7-form-control-wrap\" data-name=\"your-name\"><input size=\"40\" maxlength=\"400\" class=\"wpcf7-form-control wpcf7-text wpcf7-validates-as-required\" aria-required=\"true\" aria-invalid=\"false\" value=\"\" type=\"text\" name=\"your-name\" \/><\/span> <\/label>\n<\/p>\n<p><label> Ihre E-Mail (erforderlich)<br \/>\n<span class=\"wpcf7-form-control-wrap\" data-name=\"your-email\"><input size=\"40\" maxlength=\"400\" class=\"wpcf7-form-control wpcf7-email wpcf7-validates-as-required wpcf7-text wpcf7-validates-as-email\" aria-required=\"true\" aria-invalid=\"false\" value=\"\" type=\"email\" name=\"your-email\" \/><\/span> <\/label>\n<\/p>\n<p><label> Betreff (erforderlich)<br \/>\n<span class=\"wpcf7-form-control-wrap\" data-name=\"your-subject\"><input size=\"40\" maxlength=\"400\" class=\"wpcf7-form-control wpcf7-text\" aria-invalid=\"false\" value=\"\" type=\"text\" name=\"your-subject\" \/><\/span> <\/label>\n<\/p>\n<p><label> Ihre Nachricht<br \/>\n<span class=\"wpcf7-form-control-wrap\" data-name=\"your-message\"><textarea cols=\"40\" rows=\"10\" maxlength=\"2000\" class=\"wpcf7-form-control wpcf7-textarea\" aria-invalid=\"false\" name=\"your-message\"><\/textarea><\/span> <\/label>\n<\/p>\n<p><input class=\"wpcf7-form-control wpcf7-submit has-spinner\" type=\"submit\" value=\"Senden\" \/>\n<\/p><input type='hidden' class='wpcf7-pum' value='{\"closepopup\":false,\"closedelay\":0,\"openpopup\":false,\"openpopup_id\":0}' \/><div class=\"wpcf7-response-output\" aria-hidden=\"true\"><\/div>\n<\/form>\n<\/div>\n[\/vc_column][vc_column width=&#187;1\/2&#8243; css=&#187;.vc_custom_1579439402433{background-color: #ffffff !important;}&#187;]<div class=\"heading black text-center \"><div class=\"heading-title\">zwischen Z\u00fcrich und Zug<\/div><h2>Hier finden Sie zur harmonischen Mitte<\/h2><\/div>[vc_gmaps link=&#187;#E-8_JTNDaWZyYW1lJTIwc3JjJTNEJTIyaHR0cHMlM0ElMkYlMkZ3d3cuZ29vZ2xlLmNvbSUyRm1hcHMlMkZlbWJlZCUzRnBiJTNEJTIxMW0xOCUyMTFtMTIlMjExbTMlMjExZDI3MDguNTU4NjUxMjY0NTg1JTIxMmQ4LjUyOTAwMjYxNTMyNzE4NyUyMTNkNDcuMjQ0Nzc4Mjc5MTYyMzI1JTIxMm0zJTIxMWYwJTIxMmYwJTIxM2YwJTIxM20yJTIxMWkxMDI0JTIxMmk3NjglMjE0ZjEzLjElMjEzbTMlMjExbTIlMjExczB4NDc5YWE5YjQyY2ZmZmNhZiUyNTNBMHg4YjYwM2Y5ODY3YjUxODE3JTIxMnNSaWZmZXJzd2lsZXJzdHJhc3NlJTI1MjAxMCUyNTJDJTI1MjA4OTE1JTI1MjBIYXVzZW4lMjUyMGFtJTI1MjBBbGJpcyUyMTVlMCUyMTNtMiUyMTFzZGUlMjEyc2NoJTIxNHYxNTc5NDM5MDg4ODQ1JTIxNW0yJTIxMXNkZSUyMTJzY2glMjIlMjB3aWR0aCUzRCUyMjYwMCUyMiUyMGhlaWdodCUzRCUyMjQ1MCUyMiUyMGZyYW1lYm9yZGVyJTNEJTIyMCUyMiUyMHN0eWxlJTNEJTIyYm9yZGVyJTNBMCUzQiUyMiUyMGFsbG93ZnVsbHNjcmVlbiUzRCUyMiUyMiUzRSUzQyUyRmlmcmFtZSUzRQ==&#187;][\/vc_column][\/vc_row]<\/p>\n","protected":false},"excerpt":{"rendered":"<p>[vc_row full_width=&#187;stretch_row_content_no_spaces&#187; css=&#187;.vc_custom_1685267718813{background-color: #ffffff !important;}&#187;][vc_column][vc_separator][vc_single_image image=&#187;2232&#8243; img_size=&#187;full&#187; alignment=&#187;center&#187;][vc_column_text] Im h\u00f6heren Alter steht weniger die k\u00f6rperliche Gesundheit im Zentrum, sondern das Verarbeiten des eigenen Lebens. Die ordnende Kraft der Obertonreihe l\u00e4sst alte Wunden heilen, da alle Ebenen des Menscheins ber\u00fchrt werden. So kann sich eine vers\u00f6hnende Haltung dem gelebten Leben gegen\u00fcber einstellen. Ab dem Zeitpunkt wo [&hellip;]<\/p>\n","protected":false},"author":1,"featured_media":0,"parent":0,"menu_order":0,"comment_status":"closed","ping_status":"closed","template":"custom-page.php","meta":{"footnotes":""},"class_list":["post-2170","page","type-page","status-publish","hentry"],"_links":{"self":[{"href":"https:\/\/harmonische-mitte.com\/index.php?rest_route=\/wp\/v2\/pages\/2170","targetHints":{"allow":["GET"]}}],"collection":[{"href":"https:\/\/harmonische-mitte.com\/index.php?rest_route=\/wp\/v2\/pages"}],"about":[{"href":"https:\/\/harmonische-mitte.com\/index.php?rest_route=\/wp\/v2\/types\/page"}],"author":[{"embeddable":true,"href":"https:\/\/harmonische-mitte.com\/index.php?rest_route=\/wp\/v2\/users\/1"}],"replies":[{"embeddable":true,"href":"https:\/\/harmonische-mitte.com\/index.php?rest_route=%2Fwp%2Fv2%2Fcomments&post=2170"}],"version-history":[{"count":5,"href":"https:\/\/harmonische-mitte.com\/index.php?rest_route=\/wp\/v2\/pages\/2170\/revisions"}],"predecessor-version":[{"id":2233,"href":"https:\/\/harmonische-mitte.com\/index.php?rest_route=\/wp\/v2\/pages\/2170\/revisions\/2233"}],"wp:attachment":[{"href":"https:\/\/harmonische-mitte.com\/index.php?rest_route=%2Fwp%2Fv2%2Fmedia&parent=2170"}],"curies":[{"name":"wp","href":"https:\/\/api.w.org\/{rel}","templated":true}]}}