{"id":2074,"date":"2023-07-23T09:46:37","date_gmt":"2023-07-23T09:46:37","guid":{"rendered":"https:\/\/harmonische-mitte.com\/?page_id=2074"},"modified":"2026-01-25T19:52:25","modified_gmt":"2026-01-25T19:52:25","slug":"vom-leben-augsebremst","status":"publish","type":"page","link":"https:\/\/harmonische-mitte.com\/?page_id=2074","title":{"rendered":"Vom Leben augsebremst"},"content":{"rendered":"<p>[vc_row full_width=&#187;stretch_row_content_no_spaces&#187; css=&#187;.vc_custom_1685268044915{background-color: #ffffff !important;}&#187;][vc_column][vc_separator][vc_single_image image=&#187;2076&#8243; img_size=&#187;full&#187; alignment=&#187;center&#187;][vc_column_text]<\/p>\n<h2 style=\"text-align: center;\"><span style=\"color: #566400;\"><strong>Wenn man vom Leben ausgebremst wird\u2026\u2026<\/strong><\/span><\/h2>\n<hr \/>\n<p style=\"text-align: center;\"><span style=\"color: #566400;\">Seit dem Beginn meiner Praxist\u00e4tigkeit als Klangtherapeutin KLA habe ich immer wieder neue Erfahrungen mit Klienten gemacht, die durch ihre Ersch\u00f6pfung vom Leben ausgebremst wurden.<\/span><br \/>\n<span style=\"color: #566400;\">Erg\u00e4nzend zur \u00e4rztlichen und psychotherapeutischen Behandlung haben sie in Eigenverantwortung zus\u00e4tzlich Hilfe bei mir gesucht. Die Klangtherapie KLA\u00ae baut die Ich-Kraft von innen her wieder auf, was immer mehr \u00c4rzte, Fachpersonen als wertvolle Begleitung empfehlen resp. unterst\u00fctzen.<\/span><\/p>\n<h3 style=\"text-align: center;\"><span style=\"color: #566400;\"><strong>Folgend dazu eine Klienten Aussage:<\/strong><\/span><\/h3>\n<p style=\"text-align: center;\"><span style=\"color: #566400;\"><em>Die regelm\u00e4ssige Klangtherapie ab Januar 23 mit 22 Sitzungen bis Juni war f\u00fcr mich in dem Wald von verschiedenen Hilfen w\u00e4hrend der schweren 9 monatigen Depression eine sehr wichtige S\u00e4ule. Heidi hat sehr sanft begonnen. Zu Beginn war die Unruhe im Liegen zusammen mit der \u00dcbersensibilit\u00e4t gegen\u00fcber Sinnesreizen Thema. Auch wenn die Tiefenklangentspannung sehr gut tat und ich mich von Beginn an nach den Sitzungen in ein Klangwattepolster ganz dicht um meine Haut erhebend, eingepackt f\u00fchlte, hatte ich durch dieses kribblige Unwohlsein auf der Liege durch zu gehen. Nach ca 4 Sitzungen war das allerdings v\u00f6llig verschwunden und ich genoss einfach und versuchte, mich dem Klang hinzugeben.<\/em><\/span><\/p>\n<p style=\"text-align: center;\"><span style=\"color: #566400;\"><em>Ganz zentral st\u00fctzend erlebte ich die Geborgenheit und bedingungslose Annahme bei Heidi in ihrer Klanginsel. Ich f\u00fchlte mich besch\u00fctzt und bewacht und umsorgt mit Klang Geb\u00e4uden, die mich zurecht vibrierten und dank derer ich mich einige Zeit gemitteter und ruhiger f\u00fchlen durfte. Auch wenn ich es nicht konkret benennen kann sp\u00fcre ich jedes Mal, dass der Klang in den vielen unbewussten Schichten meines Energiek\u00f6rpers ausgleichend, kr\u00e4ftigend, kl\u00e4rend und beruhigend wirkt. Dazu kamen Heidis achtsame und inspirierende Gespr\u00e4che, die mir halfen, diese H\u00f6llentalfahrt zu bew\u00e4ltigen. Alles in dieser Zeit war Krisenbew\u00e4ltigung. F\u00fcr anderes gab es wegen zu viel Dauer- Adrenalin fast keinen Raum.<\/em><\/span><\/p>\n<p style=\"text-align: center;\"><span style=\"color: #566400;\"><em>Mit dem Wiederkehren meiner Kraft und Zuversicht wuchs auch meine Empfindungsf\u00e4higkeit im Klang. Ganz besonders die eindringlichen Klangr\u00f6hren direkt neben meinem Kopf f\u00fchlten sich an wie Ausrichtungstools direkt in meinem Gehirnzentrum an. Ich wollte sie immer wieder in ihrer Intensit\u00e4t h\u00f6ren und erleben.<\/em><\/span><\/p>\n<p style=\"text-align: center;\"><span style=\"color: #566400;\"><em>Der Koshi Klang zum Abschluss der Sitzungen ist f\u00fcr mich der Inbegriff von geborgener Leichtigkeit geworden. Ich habe mir eins gekauft. Jedes Mal, wenn ich durch die T\u00fcre zum Bad gehe streift mein Kopf daran und verbindet mich lieblichst immer und immer wieder mit der Geborgenheit in spielerischer Leichtigkeit.<\/em><\/span><\/p>\n<p style=\"text-align: center;\"><span style=\"color: #566400;\"><em>Das Paradies ist wieder zu mir zur\u00fcckgekehrt in der Zwischenzeit. In der letzten Sitzung haben mich im Gong die Wale gerufen. Laut und eindringlich. Ich werde nach Hawaii zur\u00fcckkehren und mit ihnen schwimmen. <\/em><\/span><\/p>\n<p style=\"text-align: center;\"><span style=\"color: #566400;\"><em>Danke Heidi f\u00fcr Deine liebende spirituelle Tiefe und Grossz\u00fcgigkeit.<\/em><\/span><\/p>\n<p style=\"text-align: center;\"><span style=\"color: #566400;\"><strong>Wichtig:<\/strong> F\u00fcr einen nachhaltigen Erfolg ist, dass die ersten 4 bis 6 Klangbehandlungen in kurzen Abst\u00e4nden aufeinander folgen, t\u00e4glich, 2-t\u00e4glich, 4-t\u00e4glich und dann dem Prozess individuell angepasst.<\/span><\/p>\n<hr \/>\n<p>[\/vc_column_text][\/vc_column][\/vc_row][vc_row full_width=&#187;stretch_row_content&#187; css=&#187;.vc_custom_1685268063210{background-color: #ffffff !important;}&#187;][vc_column width=&#187;1\/2&#8243; css=&#187;.vc_custom_1579439414445{background-color: #ffffff !important;}&#187;]<div class=\"heading black text-center \"><div class=\"heading-title\">Fragen oder Anregungen?<\/div><h2>Nutzen Sie gerne das Kontaktformular<\/h2><\/div>\n<div class=\"wpcf7 no-js\" id=\"wpcf7-f11-o1\" lang=\"en\" dir=\"ltr\" data-wpcf7-id=\"11\">\n<div class=\"screen-reader-response\"><p role=\"status\" aria-live=\"polite\" aria-atomic=\"true\"><\/p> <ul><\/ul><\/div>\n<form action=\"\/index.php?rest_route=%2Fwp%2Fv2%2Fpages%2F2074#wpcf7-f11-o1\" method=\"post\" class=\"wpcf7-form init\" aria-label=\"Contact form\" novalidate=\"novalidate\" data-status=\"init\">\n<fieldset class=\"hidden-fields-container\"><input type=\"hidden\" name=\"_wpcf7\" value=\"11\" \/><input type=\"hidden\" name=\"_wpcf7_version\" value=\"6.1.5\" \/><input type=\"hidden\" name=\"_wpcf7_locale\" value=\"en\" \/><input type=\"hidden\" name=\"_wpcf7_unit_tag\" value=\"wpcf7-f11-o1\" \/><input type=\"hidden\" name=\"_wpcf7_container_post\" value=\"0\" \/><input type=\"hidden\" name=\"_wpcf7_posted_data_hash\" value=\"\" \/>\n<\/fieldset>\n<p><label> Ihr Name (erforderlich)<br \/>\n<span class=\"wpcf7-form-control-wrap\" data-name=\"your-name\"><input size=\"40\" maxlength=\"400\" class=\"wpcf7-form-control wpcf7-text wpcf7-validates-as-required\" aria-required=\"true\" aria-invalid=\"false\" value=\"\" type=\"text\" name=\"your-name\" \/><\/span> <\/label>\n<\/p>\n<p><label> Ihre E-Mail (erforderlich)<br \/>\n<span class=\"wpcf7-form-control-wrap\" data-name=\"your-email\"><input size=\"40\" maxlength=\"400\" class=\"wpcf7-form-control wpcf7-email wpcf7-validates-as-required wpcf7-text wpcf7-validates-as-email\" aria-required=\"true\" aria-invalid=\"false\" value=\"\" type=\"email\" name=\"your-email\" \/><\/span> <\/label>\n<\/p>\n<p><label> Betreff (erforderlich)<br \/>\n<span class=\"wpcf7-form-control-wrap\" data-name=\"your-subject\"><input size=\"40\" maxlength=\"400\" class=\"wpcf7-form-control wpcf7-text\" aria-invalid=\"false\" value=\"\" type=\"text\" name=\"your-subject\" \/><\/span> <\/label>\n<\/p>\n<p><label> Ihre Nachricht<br \/>\n<span class=\"wpcf7-form-control-wrap\" data-name=\"your-message\"><textarea cols=\"40\" rows=\"10\" maxlength=\"2000\" class=\"wpcf7-form-control wpcf7-textarea\" aria-invalid=\"false\" name=\"your-message\"><\/textarea><\/span> <\/label>\n<\/p>\n<p><input class=\"wpcf7-form-control wpcf7-submit has-spinner\" type=\"submit\" value=\"Senden\" \/>\n<\/p><input type='hidden' class='wpcf7-pum' value='{\"closepopup\":false,\"closedelay\":0,\"openpopup\":false,\"openpopup_id\":0}' \/><div class=\"wpcf7-response-output\" aria-hidden=\"true\"><\/div>\n<\/form>\n<\/div>\n[\/vc_column][vc_column width=&#187;1\/2&#8243; css=&#187;.vc_custom_1579439402433{background-color: #ffffff !important;}&#187;]<div class=\"heading black text-center \"><div class=\"heading-title\">zwischen Z\u00fcrich und Zug<\/div><h2>Hier finden Sie zur harmonischen Mitte<\/h2><\/div>[vc_gmaps link=&#187;#E-8_JTNDaWZyYW1lJTIwc3JjJTNEJTIyaHR0cHMlM0ElMkYlMkZ3d3cuZ29vZ2xlLmNvbSUyRm1hcHMlMkZlbWJlZCUzRnBiJTNEJTIxMW0xOCUyMTFtMTIlMjExbTMlMjExZDI3MDguNTU4NjUxMjY0NTg1JTIxMmQ4LjUyOTAwMjYxNTMyNzE4NyUyMTNkNDcuMjQ0Nzc4Mjc5MTYyMzI1JTIxMm0zJTIxMWYwJTIxMmYwJTIxM2YwJTIxM20yJTIxMWkxMDI0JTIxMmk3NjglMjE0ZjEzLjElMjEzbTMlMjExbTIlMjExczB4NDc5YWE5YjQyY2ZmZmNhZiUyNTNBMHg4YjYwM2Y5ODY3YjUxODE3JTIxMnNSaWZmZXJzd2lsZXJzdHJhc3NlJTI1MjAxMCUyNTJDJTI1MjA4OTE1JTI1MjBIYXVzZW4lMjUyMGFtJTI1MjBBbGJpcyUyMTVlMCUyMTNtMiUyMTFzZGUlMjEyc2NoJTIxNHYxNTc5NDM5MDg4ODQ1JTIxNW0yJTIxMXNkZSUyMTJzY2glMjIlMjB3aWR0aCUzRCUyMjYwMCUyMiUyMGhlaWdodCUzRCUyMjQ1MCUyMiUyMGZyYW1lYm9yZGVyJTNEJTIyMCUyMiUyMHN0eWxlJTNEJTIyYm9yZGVyJTNBMCUzQiUyMiUyMGFsbG93ZnVsbHNjcmVlbiUzRCUyMiUyMiUzRSUzQyUyRmlmcmFtZSUzRQ==&#187;][\/vc_column][\/vc_row]<\/p>\n","protected":false},"excerpt":{"rendered":"<p>[vc_row full_width=&#187;stretch_row_content_no_spaces&#187; css=&#187;.vc_custom_1685268044915{background-color: #ffffff !important;}&#187;][vc_column][vc_separator][vc_single_image image=&#187;2076&#8243; img_size=&#187;full&#187; alignment=&#187;center&#187;][vc_column_text] Wenn man vom Leben ausgebremst wird\u2026\u2026 Seit dem Beginn meiner Praxist\u00e4tigkeit als Klangtherapeutin KLA habe ich immer wieder neue Erfahrungen mit Klienten gemacht, die durch ihre Ersch\u00f6pfung vom Leben ausgebremst wurden. Erg\u00e4nzend zur \u00e4rztlichen und psychotherapeutischen Behandlung haben sie in Eigenverantwortung zus\u00e4tzlich Hilfe bei mir gesucht. Die [&hellip;]<\/p>\n","protected":false},"author":1,"featured_media":0,"parent":0,"menu_order":0,"comment_status":"closed","ping_status":"closed","template":"custom-page.php","meta":{"footnotes":""},"class_list":["post-2074","page","type-page","status-publish","hentry"],"_links":{"self":[{"href":"https:\/\/harmonische-mitte.com\/index.php?rest_route=\/wp\/v2\/pages\/2074","targetHints":{"allow":["GET"]}}],"collection":[{"href":"https:\/\/harmonische-mitte.com\/index.php?rest_route=\/wp\/v2\/pages"}],"about":[{"href":"https:\/\/harmonische-mitte.com\/index.php?rest_route=\/wp\/v2\/types\/page"}],"author":[{"embeddable":true,"href":"https:\/\/harmonische-mitte.com\/index.php?rest_route=\/wp\/v2\/users\/1"}],"replies":[{"embeddable":true,"href":"https:\/\/harmonische-mitte.com\/index.php?rest_route=%2Fwp%2Fv2%2Fcomments&post=2074"}],"version-history":[{"count":4,"href":"https:\/\/harmonische-mitte.com\/index.php?rest_route=\/wp\/v2\/pages\/2074\/revisions"}],"predecessor-version":[{"id":2422,"href":"https:\/\/harmonische-mitte.com\/index.php?rest_route=\/wp\/v2\/pages\/2074\/revisions\/2422"}],"wp:attachment":[{"href":"https:\/\/harmonische-mitte.com\/index.php?rest_route=%2Fwp%2Fv2%2Fmedia&parent=2074"}],"curies":[{"name":"wp","href":"https:\/\/api.w.org\/{rel}","templated":true}]}}