{"id":1776,"date":"2022-02-19T11:55:21","date_gmt":"2022-02-19T11:55:21","guid":{"rendered":"https:\/\/harmonische-mitte.com\/?page_id=1776"},"modified":"2026-02-10T12:31:56","modified_gmt":"2026-02-10T12:31:56","slug":"mein-persoenlicher-heilungsprozess","status":"publish","type":"page","link":"https:\/\/harmonische-mitte.com\/?page_id=1776","title":{"rendered":"Mein pers\u00f6nlicher Heilungsprozess"},"content":{"rendered":"<p>[vc_row full_width=&#187;stretch_row_content_no_spaces&#187; css=&#187;.vc_custom_1685267435785{background-color: #ffffff !important;}&#187;][vc_column][vc_separator][vc_single_image image=&#187;1782&#8243; img_size=&#187;full&#187; alignment=&#187;center&#187;][vc_column_text]<\/p>\n<h2 style=\"text-align: center;\"><strong><span style=\"color: #56641e;\">Mein pers\u00f6nlicher Heilungsprozess<\/span><\/strong><\/h2>\n<hr \/>\n<p style=\"text-align: center;\"><span style=\"color: #56641e;\">Im Juni 2021 erlebte ich bei mir einen Gesundheitseinbruch. Gute 6 Monate brauchte ich, bis ich wieder in meiner Kraft war. Erg\u00e4nzend zu den Klangbehandlungen unterst\u00fctzte ich meinen Heilungsprozess mit Bachbl\u00fcten Essenzen von <a style=\"color: #56641e;\" href=\"http:\/\/www.phytodor.ch\">Phytodor AG<\/a>, Urtinkturen vo<span style=\"color: #506400;\">n<\/span><\/span><span style=\"color: #506400;\"> <a style=\"color: #506400;\" href=\"http:\/\/www.aurorapharma.com\">Aurora Pharma AG<\/a> <\/span><span style=\"color: #56641e;\">und Ohrkerzen von <a style=\"color: #56641e;\" href=\"http:\/\/www.biosun.com\">BIOSUN GmbH<\/a>. Zus\u00e4tzlich g\u00f6nnte ich mir ganzheitliche, therapeutische Sitzungen bei unterschiedlichen Therapeuten.<\/span><\/p>\n<p style=\"text-align: center;\"><span style=\"color: #56641e;\">So kann ich aus eigener Erfahrung folgende Methoden und Therapeuteninnen \/ Masseurinnen empfehlen:<\/span><\/p>\n<p style=\"text-align: center;\"><span style=\"color: #56641e;\">Lomilomi Massage\u00a0 <a style=\"color: #56641e;\" href=\"http:\/\/www.catherinefeger.ch\" target=\"_blank\" rel=\"noopener\">www.catherinefeger.ch<\/a><\/span><\/p>\n<p style=\"text-align: center;\"><span style=\"color: #56641e;\">Access Bars\u00a0 <a style=\"color: #56641e;\" href=\"http:\/\/www.beatrice-haegi.ch\" target=\"_blank\" rel=\"noopener\">www.beatrice-haegi.ch<\/a><\/span><\/p>\n<p style=\"text-align: center;\"><span style=\"color: #56641e;\">Sehtraining \/ Craniosacral-Therapie\u00a0 <a style=\"color: #56641e;\" href=\"http:\/\/www.renatebornemann.ch\" target=\"_blank\" rel=\"noopener\">www.renatebornemann.ch<\/a><\/span><\/p>\n<p style=\"text-align: center;\"><span style=\"color: #56641e;\">Energy Healing Therapeutin Manuela Selina Brantschen \/ 5623 Boswil \/ 078 614 03 03 \/ m.brantschen@mail.ch \/\u00a0<\/span> <span style=\"color: #333300;\"><a style=\"color: #333300;\" href=\"http:\/\/www.energyhealing.ch\"><span style=\"color: #000000;\"><span style=\"color: #56641e;\">www.energyhealing.ch<\/span><\/span><\/a><\/span><\/p>\n<hr \/>\n<h3 style=\"text-align: center;\"><span style=\"color: #56641e;\">Weitere Links:<\/span><\/h3>\n<p style=\"text-align: center;\"><span style=\"color: #566400;\">Netzwerkerin Renate Lehnherr: <a style=\"color: #566400;\" href=\"http:\/\/www.natur-talente.ch\">www.natur-talente.ch<\/a><\/span><\/p>\n<p style=\"text-align: center;\"><span style=\"color: #566400;\">SelfShift\u00ae Caroline Schwenke: <a style=\"color: #566400;\" href=\"http:\/\/www.bewusstseinspraxis.ch\">www.bewusstseinspraxis.ch<\/a><\/span><\/p>\n<hr \/>\n<p>[\/vc_column_text][\/vc_column][\/vc_row][vc_row full_width=&#187;stretch_row_content&#187; css=&#187;.vc_custom_1685267450007{background-color: #ffffff !important;}&#187;][vc_column width=&#187;1\/2&#8243; css=&#187;.vc_custom_1579439414445{background-color: #ffffff !important;}&#187;]<div class=\"heading black text-center \"><div class=\"heading-title\">Fragen oder Anregungen?<\/div><h2>Nutzen Sie gerne das Kontaktformular<\/h2><\/div>\n<div class=\"wpcf7 no-js\" id=\"wpcf7-f11-o1\" lang=\"en\" dir=\"ltr\" data-wpcf7-id=\"11\">\n<div class=\"screen-reader-response\"><p role=\"status\" aria-live=\"polite\" aria-atomic=\"true\"><\/p> <ul><\/ul><\/div>\n<form action=\"\/index.php?rest_route=%2Fwp%2Fv2%2Fpages%2F1776#wpcf7-f11-o1\" method=\"post\" class=\"wpcf7-form init\" aria-label=\"Contact form\" novalidate=\"novalidate\" data-status=\"init\">\n<fieldset class=\"hidden-fields-container\"><input type=\"hidden\" name=\"_wpcf7\" value=\"11\" \/><input type=\"hidden\" name=\"_wpcf7_version\" value=\"6.1.5\" \/><input type=\"hidden\" name=\"_wpcf7_locale\" value=\"en\" \/><input type=\"hidden\" name=\"_wpcf7_unit_tag\" value=\"wpcf7-f11-o1\" \/><input type=\"hidden\" name=\"_wpcf7_container_post\" value=\"0\" \/><input type=\"hidden\" name=\"_wpcf7_posted_data_hash\" value=\"\" \/>\n<\/fieldset>\n<p><label> Ihr Name (erforderlich)<br \/>\n<span class=\"wpcf7-form-control-wrap\" data-name=\"your-name\"><input size=\"40\" maxlength=\"400\" class=\"wpcf7-form-control wpcf7-text wpcf7-validates-as-required\" aria-required=\"true\" aria-invalid=\"false\" value=\"\" type=\"text\" name=\"your-name\" \/><\/span> <\/label>\n<\/p>\n<p><label> Ihre E-Mail (erforderlich)<br \/>\n<span class=\"wpcf7-form-control-wrap\" data-name=\"your-email\"><input size=\"40\" maxlength=\"400\" class=\"wpcf7-form-control wpcf7-email wpcf7-validates-as-required wpcf7-text wpcf7-validates-as-email\" aria-required=\"true\" aria-invalid=\"false\" value=\"\" type=\"email\" name=\"your-email\" \/><\/span> <\/label>\n<\/p>\n<p><label> Betreff (erforderlich)<br \/>\n<span class=\"wpcf7-form-control-wrap\" data-name=\"your-subject\"><input size=\"40\" maxlength=\"400\" class=\"wpcf7-form-control wpcf7-text\" aria-invalid=\"false\" value=\"\" type=\"text\" name=\"your-subject\" \/><\/span> <\/label>\n<\/p>\n<p><label> Ihre Nachricht<br \/>\n<span class=\"wpcf7-form-control-wrap\" data-name=\"your-message\"><textarea cols=\"40\" rows=\"10\" maxlength=\"2000\" class=\"wpcf7-form-control wpcf7-textarea\" aria-invalid=\"false\" name=\"your-message\"><\/textarea><\/span> <\/label>\n<\/p>\n<p><input class=\"wpcf7-form-control wpcf7-submit has-spinner\" type=\"submit\" value=\"Senden\" \/>\n<\/p><input type='hidden' class='wpcf7-pum' value='{\"closepopup\":false,\"closedelay\":0,\"openpopup\":false,\"openpopup_id\":0}' \/><div class=\"wpcf7-response-output\" aria-hidden=\"true\"><\/div>\n<\/form>\n<\/div>\n[\/vc_column][vc_column width=&#187;1\/2&#8243; css=&#187;.vc_custom_1579439402433{background-color: #ffffff !important;}&#187;]<div class=\"heading black text-center \"><div class=\"heading-title\">zwischen Z\u00fcrich und Zug<\/div><h2>Hier finden Sie zur harmonischen Mitte<\/h2><\/div>[vc_gmaps link=&#187;#E-8_JTNDaWZyYW1lJTIwc3JjJTNEJTIyaHR0cHMlM0ElMkYlMkZ3d3cuZ29vZ2xlLmNvbSUyRm1hcHMlMkZlbWJlZCUzRnBiJTNEJTIxMW0xOCUyMTFtMTIlMjExbTMlMjExZDI3MDguNTU4NjUxMjY0NTg1JTIxMmQ4LjUyOTAwMjYxNTMyNzE4NyUyMTNkNDcuMjQ0Nzc4Mjc5MTYyMzI1JTIxMm0zJTIxMWYwJTIxMmYwJTIxM2YwJTIxM20yJTIxMWkxMDI0JTIxMmk3NjglMjE0ZjEzLjElMjEzbTMlMjExbTIlMjExczB4NDc5YWE5YjQyY2ZmZmNhZiUyNTNBMHg4YjYwM2Y5ODY3YjUxODE3JTIxMnNSaWZmZXJzd2lsZXJzdHJhc3NlJTI1MjAxMCUyNTJDJTI1MjA4OTE1JTI1MjBIYXVzZW4lMjUyMGFtJTI1MjBBbGJpcyUyMTVlMCUyMTNtMiUyMTFzZGUlMjEyc2NoJTIxNHYxNTc5NDM5MDg4ODQ1JTIxNW0yJTIxMXNkZSUyMTJzY2glMjIlMjB3aWR0aCUzRCUyMjYwMCUyMiUyMGhlaWdodCUzRCUyMjQ1MCUyMiUyMGZyYW1lYm9yZGVyJTNEJTIyMCUyMiUyMHN0eWxlJTNEJTIyYm9yZGVyJTNBMCUzQiUyMiUyMGFsbG93ZnVsbHNjcmVlbiUzRCUyMiUyMiUzRSUzQyUyRmlmcmFtZSUzRQ==&#187;][\/vc_column][\/vc_row]<\/p>\n","protected":false},"excerpt":{"rendered":"<p>[vc_row full_width=&#187;stretch_row_content_no_spaces&#187; css=&#187;.vc_custom_1685267435785{background-color: #ffffff !important;}&#187;][vc_column][vc_separator][vc_single_image image=&#187;1782&#8243; img_size=&#187;full&#187; alignment=&#187;center&#187;][vc_column_text] Mein pers\u00f6nlicher Heilungsprozess Im Juni 2021 erlebte ich bei mir einen Gesundheitseinbruch. Gute 6 Monate brauchte ich, bis ich wieder in meiner Kraft war. Erg\u00e4nzend zu den Klangbehandlungen unterst\u00fctzte ich meinen Heilungsprozess mit Bachbl\u00fcten Essenzen von Phytodor AG, Urtinkturen von Aurora Pharma AG und Ohrkerzen von BIOSUN [&hellip;]<\/p>\n","protected":false},"author":1,"featured_media":0,"parent":0,"menu_order":0,"comment_status":"closed","ping_status":"closed","template":"custom-page.php","meta":{"footnotes":""},"class_list":["post-1776","page","type-page","status-publish","hentry"],"_links":{"self":[{"href":"https:\/\/harmonische-mitte.com\/index.php?rest_route=\/wp\/v2\/pages\/1776","targetHints":{"allow":["GET"]}}],"collection":[{"href":"https:\/\/harmonische-mitte.com\/index.php?rest_route=\/wp\/v2\/pages"}],"about":[{"href":"https:\/\/harmonische-mitte.com\/index.php?rest_route=\/wp\/v2\/types\/page"}],"author":[{"embeddable":true,"href":"https:\/\/harmonische-mitte.com\/index.php?rest_route=\/wp\/v2\/users\/1"}],"replies":[{"embeddable":true,"href":"https:\/\/harmonische-mitte.com\/index.php?rest_route=%2Fwp%2Fv2%2Fcomments&post=1776"}],"version-history":[{"count":43,"href":"https:\/\/harmonische-mitte.com\/index.php?rest_route=\/wp\/v2\/pages\/1776\/revisions"}],"predecessor-version":[{"id":2427,"href":"https:\/\/harmonische-mitte.com\/index.php?rest_route=\/wp\/v2\/pages\/1776\/revisions\/2427"}],"wp:attachment":[{"href":"https:\/\/harmonische-mitte.com\/index.php?rest_route=%2Fwp%2Fv2%2Fmedia&parent=1776"}],"curies":[{"name":"wp","href":"https:\/\/api.w.org\/{rel}","templated":true}]}}