{"id":1449,"date":"2020-08-12T07:41:10","date_gmt":"2020-08-12T07:41:10","guid":{"rendered":"https:\/\/harmonische-mitte.com\/wordpress_9\/?page_id=1449"},"modified":"2026-02-10T12:29:35","modified_gmt":"2026-02-10T12:29:35","slug":"harmonische-mitte","status":"publish","type":"page","link":"https:\/\/harmonische-mitte.com\/?page_id=1449","title":{"rendered":"harmonische mitte"},"content":{"rendered":"<p>[vc_row full_width=&#187;stretch_row_content_no_spaces&#187; css=&#187;.vc_custom_1685273939029{background-color: #ffffff !important;}&#187;][vc_column][vc_separator][vc_single_image image=&#187;1342&#8243; img_size=&#187;full&#187; alignment=&#187;center&#187;][vc_column_text]<\/p>\n<p style=\"text-align: center;\"><span style=\"color: #56641e;\">Seit Kindheit fasziniert mich die Harmonie, die sich in der Natur zeigt. Beispielsweise versetzt mich die Mitte einer Sonnenblume Jahr f\u00fcr Jahr in ein ehrf\u00fcrchtiges Staunen.<\/span><\/p>\n<p style=\"text-align: center;\"><span style=\"color: #56641e;\">Deshalb w\u00e4hlte ich die Mitte einer Sonnenblume aus unserem Garten als Leitbild f\u00fcr mein Logo.<\/span><\/p>\n<p style=\"text-align: center;\"><span style=\"color: #56641e;\">\u00dcber all meine Lebensphasen hinweg habe ich immer wieder erfahren, wie wichtig es f\u00fcr mich ist, mich selbst zu sein. Bin ich zu vielen Reizen ausgesetzt, verliere ich den Zugang zu mir selbst. Inzwischen weiss ich: Bewegung und Stille in der Natur, Meditation, Klangbehandlung, Yoga, eine ausgewogene Ern\u00e4hrung, einen mir entsprechenden Schlafrhythmus und ein gutes soziales Umfeld helfen mir in meine Mitte zu finden und zu bleiben. Wenn ich in meiner Mitte bin, f\u00fchlt es sich leicht und harmonisch an.<\/span><\/p>\n<hr \/>\n<p>[\/vc_column_text][\/vc_column][vc_column][\/vc_column][\/vc_row][vc_row full_width=&#187;stretch_row_content&#187; css=&#187;.vc_custom_1685267049543{background-color: #ffffff !important;}&#187;][vc_column width=&#187;1\/2&#8243; css=&#187;.vc_custom_1579439414445{background-color: #ffffff !important;}&#187;]<div class=\"heading black text-center \"><div class=\"heading-title\">Fragen oder Anregungen?<\/div><h2>Nutzen Sie gerne das Kontaktformular<\/h2><\/div>\n<div class=\"wpcf7 no-js\" id=\"wpcf7-f11-o1\" lang=\"en\" dir=\"ltr\" data-wpcf7-id=\"11\">\n<div class=\"screen-reader-response\"><p role=\"status\" aria-live=\"polite\" aria-atomic=\"true\"><\/p> <ul><\/ul><\/div>\n<form action=\"\/index.php?rest_route=%2Fwp%2Fv2%2Fpages%2F1449#wpcf7-f11-o1\" method=\"post\" class=\"wpcf7-form init\" aria-label=\"Contact form\" novalidate=\"novalidate\" data-status=\"init\">\n<fieldset class=\"hidden-fields-container\"><input type=\"hidden\" name=\"_wpcf7\" value=\"11\" \/><input type=\"hidden\" name=\"_wpcf7_version\" value=\"6.1.5\" \/><input type=\"hidden\" name=\"_wpcf7_locale\" value=\"en\" \/><input type=\"hidden\" name=\"_wpcf7_unit_tag\" value=\"wpcf7-f11-o1\" \/><input type=\"hidden\" name=\"_wpcf7_container_post\" value=\"0\" \/><input type=\"hidden\" name=\"_wpcf7_posted_data_hash\" value=\"\" \/>\n<\/fieldset>\n<p><label> Ihr Name (erforderlich)<br \/>\n<span class=\"wpcf7-form-control-wrap\" data-name=\"your-name\"><input size=\"40\" maxlength=\"400\" class=\"wpcf7-form-control wpcf7-text wpcf7-validates-as-required\" aria-required=\"true\" aria-invalid=\"false\" value=\"\" type=\"text\" name=\"your-name\" \/><\/span> <\/label>\n<\/p>\n<p><label> Ihre E-Mail (erforderlich)<br \/>\n<span class=\"wpcf7-form-control-wrap\" data-name=\"your-email\"><input size=\"40\" maxlength=\"400\" class=\"wpcf7-form-control wpcf7-email wpcf7-validates-as-required wpcf7-text wpcf7-validates-as-email\" aria-required=\"true\" aria-invalid=\"false\" value=\"\" type=\"email\" name=\"your-email\" \/><\/span> <\/label>\n<\/p>\n<p><label> Betreff (erforderlich)<br \/>\n<span class=\"wpcf7-form-control-wrap\" data-name=\"your-subject\"><input size=\"40\" maxlength=\"400\" class=\"wpcf7-form-control wpcf7-text\" aria-invalid=\"false\" value=\"\" type=\"text\" name=\"your-subject\" \/><\/span> <\/label>\n<\/p>\n<p><label> Ihre Nachricht<br \/>\n<span class=\"wpcf7-form-control-wrap\" data-name=\"your-message\"><textarea cols=\"40\" rows=\"10\" maxlength=\"2000\" class=\"wpcf7-form-control wpcf7-textarea\" aria-invalid=\"false\" name=\"your-message\"><\/textarea><\/span> <\/label>\n<\/p>\n<p><input class=\"wpcf7-form-control wpcf7-submit has-spinner\" type=\"submit\" value=\"Senden\" \/>\n<\/p><input type='hidden' class='wpcf7-pum' value='{\"closepopup\":false,\"closedelay\":0,\"openpopup\":false,\"openpopup_id\":0}' \/><div class=\"wpcf7-response-output\" aria-hidden=\"true\"><\/div>\n<\/form>\n<\/div>\n[\/vc_column][vc_column width=&#187;1\/2&#8243; css=&#187;.vc_custom_1579439402433{background-color: #ffffff !important;}&#187;]<div class=\"heading black text-center \"><div class=\"heading-title\">zwischen Z\u00fcrich und Zug<\/div><h2>Hier finden Sie zur harmonischen Mitte<\/h2><\/div>[vc_gmaps link=&#187;#E-8_JTNDaWZyYW1lJTIwc3JjJTNEJTIyaHR0cHMlM0ElMkYlMkZ3d3cuZ29vZ2xlLmNvbSUyRm1hcHMlMkZlbWJlZCUzRnBiJTNEJTIxMW0xOCUyMTFtMTIlMjExbTMlMjExZDI3MDguNTU4NjUxMjY0NTg1JTIxMmQ4LjUyOTAwMjYxNTMyNzE4NyUyMTNkNDcuMjQ0Nzc4Mjc5MTYyMzI1JTIxMm0zJTIxMWYwJTIxMmYwJTIxM2YwJTIxM20yJTIxMWkxMDI0JTIxMmk3NjglMjE0ZjEzLjElMjEzbTMlMjExbTIlMjExczB4NDc5YWE5YjQyY2ZmZmNhZiUyNTNBMHg4YjYwM2Y5ODY3YjUxODE3JTIxMnNSaWZmZXJzd2lsZXJzdHJhc3NlJTI1MjAxMCUyNTJDJTI1MjA4OTE1JTI1MjBIYXVzZW4lMjUyMGFtJTI1MjBBbGJpcyUyMTVlMCUyMTNtMiUyMTFzZGUlMjEyc2NoJTIxNHYxNTc5NDM5MDg4ODQ1JTIxNW0yJTIxMXNkZSUyMTJzY2glMjIlMjB3aWR0aCUzRCUyMjYwMCUyMiUyMGhlaWdodCUzRCUyMjQ1MCUyMiUyMGZyYW1lYm9yZGVyJTNEJTIyMCUyMiUyMHN0eWxlJTNEJTIyYm9yZGVyJTNBMCUzQiUyMiUyMGFsbG93ZnVsbHNjcmVlbiUzRCUyMiUyMiUzRSUzQyUyRmlmcmFtZSUzRQ==&#187;][\/vc_column][\/vc_row][vc_row][vc_column][vc_zigzag][\/vc_column][\/vc_row][vc_row][vc_column][\/vc_column][\/vc_row]<\/p>\n","protected":false},"excerpt":{"rendered":"<p>[vc_row full_width=&#187;stretch_row_content_no_spaces&#187; css=&#187;.vc_custom_1685273939029{background-color: #ffffff !important;}&#187;][vc_column][vc_separator][vc_single_image image=&#187;1342&#8243; img_size=&#187;full&#187; alignment=&#187;center&#187;][vc_column_text] Seit Kindheit fasziniert mich die Harmonie, die sich in der Natur zeigt. Beispielsweise versetzt mich die Mitte einer Sonnenblume Jahr f\u00fcr Jahr in ein ehrf\u00fcrchtiges Staunen. Deshalb w\u00e4hlte ich die Mitte einer Sonnenblume aus unserem Garten als Leitbild f\u00fcr mein Logo. \u00dcber all meine Lebensphasen hinweg habe [&hellip;]<\/p>\n","protected":false},"author":1,"featured_media":0,"parent":0,"menu_order":0,"comment_status":"closed","ping_status":"closed","template":"custom-page.php","meta":{"footnotes":""},"class_list":["post-1449","page","type-page","status-publish","hentry"],"_links":{"self":[{"href":"https:\/\/harmonische-mitte.com\/index.php?rest_route=\/wp\/v2\/pages\/1449","targetHints":{"allow":["GET"]}}],"collection":[{"href":"https:\/\/harmonische-mitte.com\/index.php?rest_route=\/wp\/v2\/pages"}],"about":[{"href":"https:\/\/harmonische-mitte.com\/index.php?rest_route=\/wp\/v2\/types\/page"}],"author":[{"embeddable":true,"href":"https:\/\/harmonische-mitte.com\/index.php?rest_route=\/wp\/v2\/users\/1"}],"replies":[{"embeddable":true,"href":"https:\/\/harmonische-mitte.com\/index.php?rest_route=%2Fwp%2Fv2%2Fcomments&post=1449"}],"version-history":[{"count":54,"href":"https:\/\/harmonische-mitte.com\/index.php?rest_route=\/wp\/v2\/pages\/1449\/revisions"}],"predecessor-version":[{"id":2426,"href":"https:\/\/harmonische-mitte.com\/index.php?rest_route=\/wp\/v2\/pages\/1449\/revisions\/2426"}],"wp:attachment":[{"href":"https:\/\/harmonische-mitte.com\/index.php?rest_route=%2Fwp%2Fv2%2Fmedia&parent=1449"}],"curies":[{"name":"wp","href":"https:\/\/api.w.org\/{rel}","templated":true}]}}